{"id":8529,"date":"2026-04-01T23:04:56","date_gmt":"2026-04-01T20:04:56","guid":{"rendered":"https:\/\/we-fluence.com\/?page_id=8529"},"modified":"2026-04-06T23:39:58","modified_gmt":"2026-04-06T20:39:58","slug":"secici-influencer-eslestirme","status":"publish","type":"page","link":"https:\/\/we-fluence.com\/en\/hizmet-alanlarimiz\/secici-influencer-eslestirme\/","title":{"rendered":"Selective Influencer Matching"},"content":{"rendered":"<div data-elementor-type=\"wp-page\" data-elementor-id=\"8529\" class=\"elementor elementor-8529\">\n\t\t\t\t\t\t<section class=\"elementor-section elementor-top-section elementor-element elementor-element-782fe01 elementor-section-boxed elementor-section-height-default elementor-section-height-default sc_fly_static\" data-id=\"782fe01\" data-element_type=\"section\" data-e-type=\"section\">\n\t\t\t\t\t\t<div class=\"elementor-container elementor-column-gap-extended\">\n\t\t\t\t\t<div class=\"elementor-column elementor-col-100 elementor-top-column elementor-element elementor-element-e05e817 sc_content_align_inherit sc_layouts_column_icons_position_left sc_fly_static\" data-id=\"e05e817\" data-element_type=\"column\" data-e-type=\"column\">\n\t\t\t<div class=\"elementor-widget-wrap elementor-element-populated\">\n\t\t\t\t\t\t<div class=\"elementor-element elementor-element-3ef3f45 sc_height_large sc_fly_static elementor-widget elementor-widget-spacer\" data-id=\"3ef3f45\" data-element_type=\"widget\" data-e-type=\"widget\" data-widget_type=\"spacer.default\">\n\t\t\t\t<div class=\"elementor-widget-container\">\n\t\t\t\t\t\t\t<div class=\"elementor-spacer\">\n\t\t\t<div class=\"elementor-spacer-inner\"><\/div>\n\t\t<\/div>\n\t\t\t\t\t\t<\/div>\n\t\t\t\t<\/div>\n\t\t\t\t<div class=\"elementor-element elementor-element-1a3833b sc_layouts_hide_on_notebook sc_layouts_hide_on_tablet sc_layouts_hide_on_mobile sc_fly_static elementor-widget elementor-widget-spacer\" data-id=\"1a3833b\" data-element_type=\"widget\" data-e-type=\"widget\" data-widget_type=\"spacer.default\">\n\t\t\t\t<div class=\"elementor-widget-container\">\n\t\t\t\t\t\t\t<div class=\"elementor-spacer\">\n\t\t\t<div class=\"elementor-spacer-inner\"><\/div>\n\t\t<\/div>\n\t\t\t\t\t\t<\/div>\n\t\t\t\t<\/div>\n\t\t\t\t\t<\/div>\n\t\t<\/div>\n\t\t\t\t\t<\/div>\n\t\t<\/section>\n\t\t\t\t<section class=\"elementor-section elementor-top-section elementor-element elementor-element-16db3de elementor-section-boxed elementor-section-height-default elementor-section-height-default sc_fly_static\" data-id=\"16db3de\" data-element_type=\"section\" data-e-type=\"section\">\n\t\t\t\t\t\t<div class=\"elementor-container elementor-column-gap-extended\">\n\t\t\t\t\t<div class=\"elementor-column elementor-col-50 elementor-top-column elementor-element elementor-element-39ee38d sc_content_align_inherit sc_layouts_column_icons_position_left sc_fly_static\" data-id=\"39ee38d\" data-element_type=\"column\" data-e-type=\"column\">\n\t\t\t<div class=\"elementor-widget-wrap elementor-element-populated\">\n\t\t\t\t\t\t<div data-animation-type=\"block\" class=\"elementor-element elementor-element-3125fb3 animation_type_block sc_fly_static elementor-invisible elementor-widget elementor-widget-image\" data-id=\"3125fb3\" data-element_type=\"widget\" data-e-type=\"widget\" data-settings=\"{&quot;_animation&quot;:&quot;fadeInLeft&quot;}\" data-widget_type=\"image.default\">\n\t\t\t\t<div class=\"elementor-widget-container\">\n\t\t\t\t\t\t\t\t\t\t\t\t\t\t\t<img fetchpriority=\"high\" decoding=\"async\" width=\"1500\" height=\"1000\" src=\"https:\/\/we-fluence.com\/wp-content\/uploads\/2026\/03\/Influencerlar-1.jpg\" class=\"attachment-full size-full wp-image-8302\" alt=\"\" srcset=\"https:\/\/we-fluence.com\/wp-content\/uploads\/2026\/03\/Influencerlar-1.jpg 1500w, https:\/\/we-fluence.com\/wp-content\/uploads\/2026\/03\/Influencerlar-1-300x200.jpg 300w, https:\/\/we-fluence.com\/wp-content\/uploads\/2026\/03\/Influencerlar-1-1024x683.jpg 1024w, https:\/\/we-fluence.com\/wp-content\/uploads\/2026\/03\/Influencerlar-1-768x512.jpg 768w, https:\/\/we-fluence.com\/wp-content\/uploads\/2026\/03\/Influencerlar-1-18x12.jpg 18w, https:\/\/we-fluence.com\/wp-content\/uploads\/2026\/03\/Influencerlar-1-370x247.jpg 370w, https:\/\/we-fluence.com\/wp-content\/uploads\/2026\/03\/Influencerlar-1-840x560.jpg 840w, https:\/\/we-fluence.com\/wp-content\/uploads\/2026\/03\/Influencerlar-1-410x273.jpg 410w\" sizes=\"(max-width: 1500px) 100vw, 1500px\" \/>\t\t\t\t\t\t\t\t\t\t\t\t\t\t\t<\/div>\n\t\t\t\t<\/div>\n\t\t\t\t\t<\/div>\n\t\t<\/div>\n\t\t\t\t<div class=\"elementor-column elementor-col-50 elementor-top-column elementor-element elementor-element-7c3bbdc sc_content_align_inherit sc_layouts_column_icons_position_left sc_fly_static\" data-id=\"7c3bbdc\" data-element_type=\"column\" data-e-type=\"column\">\n\t\t\t<div class=\"elementor-widget-wrap elementor-element-populated\">\n\t\t\t\t\t\t<div class=\"elementor-element elementor-element-05556a3 sc_layouts_hide_on_wide sc_layouts_hide_on_desktop sc_layouts_hide_on_notebook sc_layouts_hide_on_tablet sc_fly_static elementor-widget elementor-widget-spacer\" data-id=\"05556a3\" data-element_type=\"widget\" data-e-type=\"widget\" data-widget_type=\"spacer.default\">\n\t\t\t\t<div class=\"elementor-widget-container\">\n\t\t\t\t\t\t\t<div class=\"elementor-spacer\">\n\t\t\t<div class=\"elementor-spacer-inner\"><\/div>\n\t\t<\/div>\n\t\t\t\t\t\t<\/div>\n\t\t\t\t<\/div>\n\t\t\t\t<div class=\"elementor-element elementor-element-9137a78 sc_fly_static elementor-widget elementor-widget-trx_sc_title\" data-id=\"9137a78\" data-element_type=\"widget\" data-e-type=\"widget\" data-widget_type=\"trx_sc_title.default\">\n\t\t\t\t<div class=\"elementor-widget-container\">\n\t\t\t\t\t<div\t\tclass=\"sc_title sc_title_default\" ><h3 class=\"sc_item_title sc_title_title sc_item_title_style_default sc_item_title_tag\"\n\t\t\t><span class=\"sc_item_title_text\">Selective Influencer Matching<\/span><\/h3><\/div>\t\t\t\t<\/div>\n\t\t\t\t<\/div>\n\t\t\t\t<div class=\"elementor-element elementor-element-fc28d7b sc_fly_static elementor-widget elementor-widget-spacer\" data-id=\"fc28d7b\" data-element_type=\"widget\" data-e-type=\"widget\" data-widget_type=\"spacer.default\">\n\t\t\t\t<div class=\"elementor-widget-container\">\n\t\t\t\t\t\t\t<div class=\"elementor-spacer\">\n\t\t\t<div class=\"elementor-spacer-inner\"><\/div>\n\t\t<\/div>\n\t\t\t\t\t\t<\/div>\n\t\t\t\t<\/div>\n\t\t\t\t<div class=\"elementor-element elementor-element-b471509 sc_fly_static elementor-widget elementor-widget-text-editor\" data-id=\"b471509\" data-element_type=\"widget\" data-e-type=\"widget\" data-widget_type=\"text-editor.default\">\n\t\t\t\t<div class=\"elementor-widget-container\">\n\t\t\t\t\t\t\t\t\t<p>We build trust-based collaborations with content creators who align with your brand. Influencer selection is one of the most critical elements directly determining the success of a campaign. Therefore, we don't focus solely on reach or follower count. Our priorities are the content language, target audience relevance, and consistency with brand values.<\/p><p>Each influencer undergoes detailed analysis. The authenticity of their follower base, the quality of their engagement, and their content history are examined. Content creators who can establish a natural fit with the brand are prioritized. Unnecessary and superficial collaborations are specifically avoided. This ensures that the brand message is conveyed more convincingly and powerfully. The collaborations established are not only campaign-based but also aimed at generating long-term value. As a result, each match becomes a strategic communication channel for your brand.\u00a0<\/p>\t\t\t\t\t\t\t\t<\/div>\n\t\t\t\t<\/div>\n\t\t\t\t<div class=\"elementor-element elementor-element-b24ea89 sc_fly_static elementor-widget elementor-widget-spacer\" data-id=\"b24ea89\" data-element_type=\"widget\" data-e-type=\"widget\" data-widget_type=\"spacer.default\">\n\t\t\t\t<div class=\"elementor-widget-container\">\n\t\t\t\t\t\t\t<div class=\"elementor-spacer\">\n\t\t\t<div class=\"elementor-spacer-inner\"><\/div>\n\t\t<\/div>\n\t\t\t\t\t\t<\/div>\n\t\t\t\t<\/div>\n\t\t\t\t\t<\/div>\n\t\t<\/div>\n\t\t\t\t\t<\/div>\n\t\t<\/section>\n\t\t\t\t<section class=\"elementor-section elementor-top-section elementor-element elementor-element-fd93e6d elementor-section-boxed elementor-section-height-default elementor-section-height-default sc_fly_static\" data-id=\"fd93e6d\" data-element_type=\"section\" data-e-type=\"section\">\n\t\t\t\t\t\t<div class=\"elementor-container elementor-column-gap-extended\">\n\t\t\t\t\t<div class=\"elementor-column elementor-col-100 elementor-top-column elementor-element elementor-element-9f360eb sc_content_align_inherit sc_layouts_column_icons_position_left sc_fly_static\" data-id=\"9f360eb\" data-element_type=\"column\" data-e-type=\"column\">\n\t\t\t<div class=\"elementor-widget-wrap elementor-element-populated\">\n\t\t\t\t\t\t<div class=\"elementor-element elementor-element-f868b3c sc_height_large sc_fly_static elementor-widget elementor-widget-spacer\" data-id=\"f868b3c\" data-element_type=\"widget\" data-e-type=\"widget\" data-widget_type=\"spacer.default\">\n\t\t\t\t<div class=\"elementor-widget-container\">\n\t\t\t\t\t\t\t<div class=\"elementor-spacer\">\n\t\t\t<div class=\"elementor-spacer-inner\"><\/div>\n\t\t<\/div>\n\t\t\t\t\t\t<\/div>\n\t\t\t\t<\/div>\n\t\t\t\t<div class=\"elementor-element elementor-element-b6da2b4 sc_layouts_hide_on_notebook sc_layouts_hide_on_tablet sc_layouts_hide_on_mobile sc_fly_static elementor-widget elementor-widget-spacer\" data-id=\"b6da2b4\" data-element_type=\"widget\" data-e-type=\"widget\" data-widget_type=\"spacer.default\">\n\t\t\t\t<div class=\"elementor-widget-container\">\n\t\t\t\t\t\t\t<div class=\"elementor-spacer\">\n\t\t\t<div class=\"elementor-spacer-inner\"><\/div>\n\t\t<\/div>\n\t\t\t\t\t\t<\/div>\n\t\t\t\t<\/div>\n\t\t\t\t\t<\/div>\n\t\t<\/div>\n\t\t\t\t\t<\/div>\n\t\t<\/section>\n\t\t\t\t<\/div>","protected":false},"excerpt":{"rendered":"<p>Se\u00e7ici Influencer E\u015fle\u015ftirme Markan\u0131za uygun i\u00e7erik \u00fcreticilerle g\u00fcven temelli i\u015f birlikleri kurar\u0131z. Influencer se\u00e7imi, bir kampanyan\u0131n ba\u015far\u0131s\u0131n\u0131 do\u011frudan belirleyen en kritik unsurlardan biridir. Bu nedenle sadece eri\u015fim veya takip\u00e7i say\u0131s\u0131na&hellip;<\/p>","protected":false},"author":1,"featured_media":0,"parent":1858,"menu_order":0,"comment_status":"closed","ping_status":"closed","template":"","meta":{"footnotes":""},"class_list":["post-8529","page","type-page","status-publish","hentry"],"yoast_head":"<!-- This site is optimized with the Yoast SEO plugin v27.2 - https:\/\/yoast.com\/product\/yoast-seo-wordpress\/ -->\n<title>Se\u00e7ici Influencer E\u015fle\u015ftirme - Wefluence Influencer Ajans\u0131<\/title>\n<meta name=\"robots\" content=\"index, follow, max-snippet:-1, max-image-preview:large, max-video-preview:-1\" \/>\n<link rel=\"canonical\" href=\"https:\/\/we-fluence.com\/en\/hizmet-alanlarimiz\/secici-influencer-eslestirme\/\" \/>\n<meta property=\"og:locale\" content=\"en_US\" \/>\n<meta property=\"og:type\" content=\"article\" \/>\n<meta property=\"og:title\" content=\"Se\u00e7ici Influencer E\u015fle\u015ftirme - Wefluence Influencer Ajans\u0131\" \/>\n<meta property=\"og:description\" content=\"Se\u00e7ici Influencer E\u015fle\u015ftirme Markan\u0131za uygun i\u00e7erik \u00fcreticilerle g\u00fcven temelli i\u015f birlikleri kurar\u0131z. Influencer se\u00e7imi, bir kampanyan\u0131n ba\u015far\u0131s\u0131n\u0131 do\u011frudan belirleyen en kritik unsurlardan biridir. Bu nedenle sadece eri\u015fim veya takip\u00e7i say\u0131s\u0131na&hellip;\" \/>\n<meta property=\"og:url\" content=\"https:\/\/we-fluence.com\/en\/hizmet-alanlarimiz\/secici-influencer-eslestirme\/\" \/>\n<meta property=\"og:site_name\" content=\"Wefluence Influencer Ajans\u0131\" \/>\n<meta property=\"article:modified_time\" content=\"2026-04-06T20:39:58+00:00\" \/>\n<meta property=\"og:image\" content=\"https:\/\/we-fluence.com\/wp-content\/uploads\/2026\/03\/Influencerlar-1.jpg\" \/>\n\t<meta property=\"og:image:width\" content=\"1500\" \/>\n\t<meta property=\"og:image:height\" content=\"1000\" \/>\n\t<meta property=\"og:image:type\" content=\"image\/jpeg\" \/>\n<meta name=\"twitter:card\" content=\"summary_large_image\" \/>\n<meta name=\"twitter:label1\" content=\"Est. reading time\" \/>\n\t<meta name=\"twitter:data1\" content=\"1 minute\" \/>\n<script type=\"application\/ld+json\" class=\"yoast-schema-graph\">{\"@context\":\"https:\/\/schema.org\",\"@graph\":[{\"@type\":\"WebPage\",\"@id\":\"https:\/\/we-fluence.com\/en\/hizmet-alanlarimiz\/secici-influencer-eslestirme\/\",\"url\":\"https:\/\/we-fluence.com\/en\/hizmet-alanlarimiz\/secici-influencer-eslestirme\/\",\"name\":\"Se\u00e7ici Influencer E\u015fle\u015ftirme - Wefluence Influencer Ajans\u0131\",\"isPartOf\":{\"@id\":\"https:\/\/we-fluence.com\/en\/#website\"},\"primaryImageOfPage\":{\"@id\":\"https:\/\/we-fluence.com\/en\/hizmet-alanlarimiz\/secici-influencer-eslestirme\/#primaryimage\"},\"image\":{\"@id\":\"https:\/\/we-fluence.com\/en\/hizmet-alanlarimiz\/secici-influencer-eslestirme\/#primaryimage\"},\"thumbnailUrl\":\"https:\/\/we-fluence.com\/wp-content\/uploads\/2026\/03\/Influencerlar-1.jpg\",\"datePublished\":\"2026-04-01T20:04:56+00:00\",\"dateModified\":\"2026-04-06T20:39:58+00:00\",\"breadcrumb\":{\"@id\":\"https:\/\/we-fluence.com\/en\/hizmet-alanlarimiz\/secici-influencer-eslestirme\/#breadcrumb\"},\"inLanguage\":\"en-US\",\"potentialAction\":[{\"@type\":\"ReadAction\",\"target\":[\"https:\/\/we-fluence.com\/en\/hizmet-alanlarimiz\/secici-influencer-eslestirme\/\"]}]},{\"@type\":\"ImageObject\",\"inLanguage\":\"en-US\",\"@id\":\"https:\/\/we-fluence.com\/en\/hizmet-alanlarimiz\/secici-influencer-eslestirme\/#primaryimage\",\"url\":\"https:\/\/we-fluence.com\/wp-content\/uploads\/2026\/03\/Influencerlar-1.jpg\",\"contentUrl\":\"https:\/\/we-fluence.com\/wp-content\/uploads\/2026\/03\/Influencerlar-1.jpg\"},{\"@type\":\"BreadcrumbList\",\"@id\":\"https:\/\/we-fluence.com\/en\/hizmet-alanlarimiz\/secici-influencer-eslestirme\/#breadcrumb\",\"itemListElement\":[{\"@type\":\"ListItem\",\"position\":1,\"name\":\"Anasayfa\",\"item\":\"https:\/\/we-fluence.com\/\"},{\"@type\":\"ListItem\",\"position\":2,\"name\":\"Hizmet Alanlar\u0131m\u0131z\",\"item\":\"https:\/\/we-fluence.com\/hizmet-alanlarimiz\/\"},{\"@type\":\"ListItem\",\"position\":3,\"name\":\"Se\u00e7ici Influencer E\u015fle\u015ftirme\"}]},{\"@type\":\"WebSite\",\"@id\":\"https:\/\/we-fluence.com\/en\/#website\",\"url\":\"https:\/\/we-fluence.com\/en\/\",\"name\":\"Wefluence Influencer Ajans\u0131\",\"description\":\"Wefluence Influencer Ajans\u0131\",\"publisher\":{\"@id\":\"https:\/\/we-fluence.com\/en\/#organization\"},\"potentialAction\":[{\"@type\":\"SearchAction\",\"target\":{\"@type\":\"EntryPoint\",\"urlTemplate\":\"https:\/\/we-fluence.com\/en\/?s={search_term_string}\"},\"query-input\":{\"@type\":\"PropertyValueSpecification\",\"valueRequired\":true,\"valueName\":\"search_term_string\"}}],\"inLanguage\":\"en-US\"},{\"@type\":\"Organization\",\"@id\":\"https:\/\/we-fluence.com\/en\/#organization\",\"name\":\"Wefluence Influencer Ajans\u0131\",\"url\":\"https:\/\/we-fluence.com\/en\/\",\"logo\":{\"@type\":\"ImageObject\",\"inLanguage\":\"en-US\",\"@id\":\"https:\/\/we-fluence.com\/en\/#\/schema\/logo\/image\/\",\"url\":\"https:\/\/we-fluence.com\/wp-content\/uploads\/2026\/03\/Wefluence-Logo.png\",\"contentUrl\":\"https:\/\/we-fluence.com\/wp-content\/uploads\/2026\/03\/Wefluence-Logo.png\",\"width\":750,\"height\":750,\"caption\":\"Wefluence Influencer Ajans\u0131\"},\"image\":{\"@id\":\"https:\/\/we-fluence.com\/en\/#\/schema\/logo\/image\/\"}}]}<\/script>\n<!-- \/ Yoast SEO plugin. -->","yoast_head_json":{"title":"Se\u00e7ici Influencer E\u015fle\u015ftirme - Wefluence Influencer Ajans\u0131","robots":{"index":"index","follow":"follow","max-snippet":"max-snippet:-1","max-image-preview":"max-image-preview:large","max-video-preview":"max-video-preview:-1"},"canonical":"https:\/\/we-fluence.com\/en\/hizmet-alanlarimiz\/secici-influencer-eslestirme\/","og_locale":"en_US","og_type":"article","og_title":"Se\u00e7ici Influencer E\u015fle\u015ftirme - Wefluence Influencer Ajans\u0131","og_description":"Se\u00e7ici Influencer E\u015fle\u015ftirme Markan\u0131za uygun i\u00e7erik \u00fcreticilerle g\u00fcven temelli i\u015f birlikleri kurar\u0131z. Influencer se\u00e7imi, bir kampanyan\u0131n ba\u015far\u0131s\u0131n\u0131 do\u011frudan belirleyen en kritik unsurlardan biridir. Bu nedenle sadece eri\u015fim veya takip\u00e7i say\u0131s\u0131na&hellip;","og_url":"https:\/\/we-fluence.com\/en\/hizmet-alanlarimiz\/secici-influencer-eslestirme\/","og_site_name":"Wefluence Influencer Ajans\u0131","article_modified_time":"2026-04-06T20:39:58+00:00","og_image":[{"width":1500,"height":1000,"url":"https:\/\/we-fluence.com\/wp-content\/uploads\/2026\/03\/Influencerlar-1.jpg","type":"image\/jpeg"}],"twitter_card":"summary_large_image","twitter_misc":{"Est. reading time":"1 minute"},"schema":{"@context":"https:\/\/schema.org","@graph":[{"@type":"WebPage","@id":"https:\/\/we-fluence.com\/en\/hizmet-alanlarimiz\/secici-influencer-eslestirme\/","url":"https:\/\/we-fluence.com\/en\/hizmet-alanlarimiz\/secici-influencer-eslestirme\/","name":"Se\u00e7ici Influencer E\u015fle\u015ftirme - Wefluence Influencer Ajans\u0131","isPartOf":{"@id":"https:\/\/we-fluence.com\/en\/#website"},"primaryImageOfPage":{"@id":"https:\/\/we-fluence.com\/en\/hizmet-alanlarimiz\/secici-influencer-eslestirme\/#primaryimage"},"image":{"@id":"https:\/\/we-fluence.com\/en\/hizmet-alanlarimiz\/secici-influencer-eslestirme\/#primaryimage"},"thumbnailUrl":"https:\/\/we-fluence.com\/wp-content\/uploads\/2026\/03\/Influencerlar-1.jpg","datePublished":"2026-04-01T20:04:56+00:00","dateModified":"2026-04-06T20:39:58+00:00","breadcrumb":{"@id":"https:\/\/we-fluence.com\/en\/hizmet-alanlarimiz\/secici-influencer-eslestirme\/#breadcrumb"},"inLanguage":"en-US","potentialAction":[{"@type":"ReadAction","target":["https:\/\/we-fluence.com\/en\/hizmet-alanlarimiz\/secici-influencer-eslestirme\/"]}]},{"@type":"ImageObject","inLanguage":"en-US","@id":"https:\/\/we-fluence.com\/en\/hizmet-alanlarimiz\/secici-influencer-eslestirme\/#primaryimage","url":"https:\/\/we-fluence.com\/wp-content\/uploads\/2026\/03\/Influencerlar-1.jpg","contentUrl":"https:\/\/we-fluence.com\/wp-content\/uploads\/2026\/03\/Influencerlar-1.jpg"},{"@type":"BreadcrumbList","@id":"https:\/\/we-fluence.com\/en\/hizmet-alanlarimiz\/secici-influencer-eslestirme\/#breadcrumb","itemListElement":[{"@type":"ListItem","position":1,"name":"Anasayfa","item":"https:\/\/we-fluence.com\/"},{"@type":"ListItem","position":2,"name":"Hizmet Alanlar\u0131m\u0131z","item":"https:\/\/we-fluence.com\/hizmet-alanlarimiz\/"},{"@type":"ListItem","position":3,"name":"Se\u00e7ici Influencer E\u015fle\u015ftirme"}]},{"@type":"WebSite","@id":"https:\/\/we-fluence.com\/en\/#website","url":"https:\/\/we-fluence.com\/en\/","name":"Wefluence Influencer Ajans\u0131","description":"Wefluence Influencer Ajans\u0131","publisher":{"@id":"https:\/\/we-fluence.com\/en\/#organization"},"potentialAction":[{"@type":"SearchAction","target":{"@type":"EntryPoint","urlTemplate":"https:\/\/we-fluence.com\/en\/?s={search_term_string}"},"query-input":{"@type":"PropertyValueSpecification","valueRequired":true,"valueName":"search_term_string"}}],"inLanguage":"en-US"},{"@type":"Organization","@id":"https:\/\/we-fluence.com\/en\/#organization","name":"Wefluence Influencer Ajans\u0131","url":"https:\/\/we-fluence.com\/en\/","logo":{"@type":"ImageObject","inLanguage":"en-US","@id":"https:\/\/we-fluence.com\/en\/#\/schema\/logo\/image\/","url":"https:\/\/we-fluence.com\/wp-content\/uploads\/2026\/03\/Wefluence-Logo.png","contentUrl":"https:\/\/we-fluence.com\/wp-content\/uploads\/2026\/03\/Wefluence-Logo.png","width":750,"height":750,"caption":"Wefluence Influencer Ajans\u0131"},"image":{"@id":"https:\/\/we-fluence.com\/en\/#\/schema\/logo\/image\/"}}]}},"_links":{"self":[{"href":"https:\/\/we-fluence.com\/en\/wp-json\/wp\/v2\/pages\/8529","targetHints":{"allow":["GET"]}}],"collection":[{"href":"https:\/\/we-fluence.com\/en\/wp-json\/wp\/v2\/pages"}],"about":[{"href":"https:\/\/we-fluence.com\/en\/wp-json\/wp\/v2\/types\/page"}],"author":[{"embeddable":true,"href":"https:\/\/we-fluence.com\/en\/wp-json\/wp\/v2\/users\/1"}],"replies":[{"embeddable":true,"href":"https:\/\/we-fluence.com\/en\/wp-json\/wp\/v2\/comments?post=8529"}],"version-history":[{"count":13,"href":"https:\/\/we-fluence.com\/en\/wp-json\/wp\/v2\/pages\/8529\/revisions"}],"predecessor-version":[{"id":8732,"href":"https:\/\/we-fluence.com\/en\/wp-json\/wp\/v2\/pages\/8529\/revisions\/8732"}],"up":[{"embeddable":true,"href":"https:\/\/we-fluence.com\/en\/wp-json\/wp\/v2\/pages\/1858"}],"wp:attachment":[{"href":"https:\/\/we-fluence.com\/en\/wp-json\/wp\/v2\/media?parent=8529"}],"curies":[{"name":"wp","href":"https:\/\/api.w.org\/{rel}","templated":true}]}}