{"id":8513,"date":"2026-04-01T23:00:13","date_gmt":"2026-04-01T20:00:13","guid":{"rendered":"https:\/\/we-fluence.com\/?page_id=8513"},"modified":"2026-04-06T23:40:12","modified_gmt":"2026-04-06T20:40:12","slug":"stratejik-icerik-entegrasyonu","status":"publish","type":"page","link":"https:\/\/we-fluence.com\/en\/hizmet-alanlarimiz\/stratejik-icerik-entegrasyonu\/","title":{"rendered":"Strategic Content Integration"},"content":{"rendered":"<div data-elementor-type=\"wp-page\" data-elementor-id=\"8513\" class=\"elementor elementor-8513\">\n\t\t\t\t\t\t<section class=\"elementor-section elementor-top-section elementor-element elementor-element-782fe01 elementor-section-boxed elementor-section-height-default elementor-section-height-default sc_fly_static\" data-id=\"782fe01\" data-element_type=\"section\" data-e-type=\"section\">\n\t\t\t\t\t\t<div class=\"elementor-container elementor-column-gap-extended\">\n\t\t\t\t\t<div class=\"elementor-column elementor-col-100 elementor-top-column elementor-element elementor-element-e05e817 sc_content_align_inherit sc_layouts_column_icons_position_left sc_fly_static\" data-id=\"e05e817\" data-element_type=\"column\" data-e-type=\"column\">\n\t\t\t<div class=\"elementor-widget-wrap elementor-element-populated\">\n\t\t\t\t\t\t<div class=\"elementor-element elementor-element-3ef3f45 sc_height_large sc_fly_static elementor-widget elementor-widget-spacer\" data-id=\"3ef3f45\" data-element_type=\"widget\" data-e-type=\"widget\" data-widget_type=\"spacer.default\">\n\t\t\t\t<div class=\"elementor-widget-container\">\n\t\t\t\t\t\t\t<div class=\"elementor-spacer\">\n\t\t\t<div class=\"elementor-spacer-inner\"><\/div>\n\t\t<\/div>\n\t\t\t\t\t\t<\/div>\n\t\t\t\t<\/div>\n\t\t\t\t<div class=\"elementor-element elementor-element-1a3833b sc_layouts_hide_on_notebook sc_layouts_hide_on_tablet sc_layouts_hide_on_mobile sc_fly_static elementor-widget elementor-widget-spacer\" data-id=\"1a3833b\" data-element_type=\"widget\" data-e-type=\"widget\" data-widget_type=\"spacer.default\">\n\t\t\t\t<div class=\"elementor-widget-container\">\n\t\t\t\t\t\t\t<div class=\"elementor-spacer\">\n\t\t\t<div class=\"elementor-spacer-inner\"><\/div>\n\t\t<\/div>\n\t\t\t\t\t\t<\/div>\n\t\t\t\t<\/div>\n\t\t\t\t\t<\/div>\n\t\t<\/div>\n\t\t\t\t\t<\/div>\n\t\t<\/section>\n\t\t\t\t<section class=\"elementor-section elementor-top-section elementor-element elementor-element-16db3de elementor-section-boxed elementor-section-height-default elementor-section-height-default sc_fly_static\" data-id=\"16db3de\" data-element_type=\"section\" data-e-type=\"section\">\n\t\t\t\t\t\t<div class=\"elementor-container elementor-column-gap-extended\">\n\t\t\t\t\t<div class=\"elementor-column elementor-col-50 elementor-top-column elementor-element elementor-element-39ee38d sc_content_align_inherit sc_layouts_column_icons_position_left sc_fly_static\" data-id=\"39ee38d\" data-element_type=\"column\" data-e-type=\"column\">\n\t\t\t<div class=\"elementor-widget-wrap elementor-element-populated\">\n\t\t\t\t\t\t<div data-animation-type=\"block\" class=\"elementor-element elementor-element-3125fb3 animation_type_block sc_fly_static elementor-invisible elementor-widget elementor-widget-image\" data-id=\"3125fb3\" data-element_type=\"widget\" data-e-type=\"widget\" data-settings=\"{&quot;_animation&quot;:&quot;fadeInLeft&quot;}\" data-widget_type=\"image.default\">\n\t\t\t\t<div class=\"elementor-widget-container\">\n\t\t\t\t\t\t\t\t\t\t\t\t\t\t\t<img fetchpriority=\"high\" decoding=\"async\" width=\"1500\" height=\"1000\" src=\"https:\/\/we-fluence.com\/wp-content\/uploads\/2023\/12\/Markalar-1.jpg\" class=\"attachment-full size-full wp-image-8296\" alt=\"\" srcset=\"https:\/\/we-fluence.com\/wp-content\/uploads\/2023\/12\/Markalar-1.jpg 1500w, https:\/\/we-fluence.com\/wp-content\/uploads\/2023\/12\/Markalar-1-300x200.jpg 300w, https:\/\/we-fluence.com\/wp-content\/uploads\/2023\/12\/Markalar-1-1024x683.jpg 1024w, https:\/\/we-fluence.com\/wp-content\/uploads\/2023\/12\/Markalar-1-768x512.jpg 768w, https:\/\/we-fluence.com\/wp-content\/uploads\/2023\/12\/Markalar-1-18x12.jpg 18w, https:\/\/we-fluence.com\/wp-content\/uploads\/2023\/12\/Markalar-1-370x247.jpg 370w, https:\/\/we-fluence.com\/wp-content\/uploads\/2023\/12\/Markalar-1-840x560.jpg 840w, https:\/\/we-fluence.com\/wp-content\/uploads\/2023\/12\/Markalar-1-410x273.jpg 410w\" sizes=\"(max-width: 1500px) 100vw, 1500px\" \/>\t\t\t\t\t\t\t\t\t\t\t\t\t\t\t<\/div>\n\t\t\t\t<\/div>\n\t\t\t\t\t<\/div>\n\t\t<\/div>\n\t\t\t\t<div class=\"elementor-column elementor-col-50 elementor-top-column elementor-element elementor-element-7c3bbdc sc_content_align_inherit sc_layouts_column_icons_position_left sc_fly_static\" data-id=\"7c3bbdc\" data-element_type=\"column\" data-e-type=\"column\">\n\t\t\t<div class=\"elementor-widget-wrap elementor-element-populated\">\n\t\t\t\t\t\t<div class=\"elementor-element elementor-element-05556a3 sc_layouts_hide_on_wide sc_layouts_hide_on_desktop sc_layouts_hide_on_notebook sc_layouts_hide_on_tablet sc_fly_static elementor-widget elementor-widget-spacer\" data-id=\"05556a3\" data-element_type=\"widget\" data-e-type=\"widget\" data-widget_type=\"spacer.default\">\n\t\t\t\t<div class=\"elementor-widget-container\">\n\t\t\t\t\t\t\t<div class=\"elementor-spacer\">\n\t\t\t<div class=\"elementor-spacer-inner\"><\/div>\n\t\t<\/div>\n\t\t\t\t\t\t<\/div>\n\t\t\t\t<\/div>\n\t\t\t\t<div class=\"elementor-element elementor-element-9137a78 sc_fly_static elementor-widget elementor-widget-trx_sc_title\" data-id=\"9137a78\" data-element_type=\"widget\" data-e-type=\"widget\" data-widget_type=\"trx_sc_title.default\">\n\t\t\t\t<div class=\"elementor-widget-container\">\n\t\t\t\t\t<div\t\tclass=\"sc_title sc_title_default\" ><h3 class=\"sc_item_title sc_title_title sc_item_title_style_default sc_item_title_tag\"\n\t\t\t><span class=\"sc_item_title_text\">Strategic Content Integration<\/span><\/h3><\/div>\t\t\t\t<\/div>\n\t\t\t\t<\/div>\n\t\t\t\t<div class=\"elementor-element elementor-element-fc28d7b sc_fly_static elementor-widget elementor-widget-spacer\" data-id=\"fc28d7b\" data-element_type=\"widget\" data-e-type=\"widget\" data-widget_type=\"spacer.default\">\n\t\t\t\t<div class=\"elementor-widget-container\">\n\t\t\t\t\t\t\t<div class=\"elementor-spacer\">\n\t\t\t<div class=\"elementor-spacer-inner\"><\/div>\n\t\t<\/div>\n\t\t\t\t\t\t<\/div>\n\t\t\t\t<\/div>\n\t\t\t\t<div class=\"elementor-element elementor-element-b471509 sc_fly_static elementor-widget elementor-widget-text-editor\" data-id=\"b471509\" data-element_type=\"widget\" data-e-type=\"widget\" data-widget_type=\"text-editor.default\">\n\t\t\t\t<div class=\"elementor-widget-container\">\n\t\t\t\t\t\t\t\t\t<p>We integrate your advertising message into the content flow without disrupting the viewer's attention. Traditional ad placements interrupt the user experience, leading to lost viewership. In today's digital world, users are more selective and quick to react to ads. Therefore, brands need to deliver their messages not directly, but within the content experience.<\/p><p>We make this transition invisible by integrating your brand into the natural structure of influencer content. The content flows seamlessly, without feeling like an advertisement. This ensures the viewer consumes the message willingly, not unconsciously. Each piece of content is custom-designed according to platform dynamics and target audience behavior. The timing and method of delivering the message are strategically planned. As a result, your brand becomes part of a story that is watched, not a skipped advertisement.<\/p>\t\t\t\t\t\t\t\t<\/div>\n\t\t\t\t<\/div>\n\t\t\t\t<div class=\"elementor-element elementor-element-b24ea89 sc_fly_static elementor-widget elementor-widget-spacer\" data-id=\"b24ea89\" data-element_type=\"widget\" data-e-type=\"widget\" data-widget_type=\"spacer.default\">\n\t\t\t\t<div class=\"elementor-widget-container\">\n\t\t\t\t\t\t\t<div class=\"elementor-spacer\">\n\t\t\t<div class=\"elementor-spacer-inner\"><\/div>\n\t\t<\/div>\n\t\t\t\t\t\t<\/div>\n\t\t\t\t<\/div>\n\t\t\t\t\t<\/div>\n\t\t<\/div>\n\t\t\t\t\t<\/div>\n\t\t<\/section>\n\t\t\t\t<section class=\"elementor-section elementor-top-section elementor-element elementor-element-fd93e6d elementor-section-boxed elementor-section-height-default elementor-section-height-default sc_fly_static\" data-id=\"fd93e6d\" data-element_type=\"section\" data-e-type=\"section\">\n\t\t\t\t\t\t<div class=\"elementor-container elementor-column-gap-extended\">\n\t\t\t\t\t<div class=\"elementor-column elementor-col-100 elementor-top-column elementor-element elementor-element-9f360eb sc_content_align_inherit sc_layouts_column_icons_position_left sc_fly_static\" data-id=\"9f360eb\" data-element_type=\"column\" data-e-type=\"column\">\n\t\t\t<div class=\"elementor-widget-wrap elementor-element-populated\">\n\t\t\t\t\t\t<div class=\"elementor-element elementor-element-f868b3c sc_height_medium sc_fly_static elementor-widget elementor-widget-spacer\" data-id=\"f868b3c\" data-element_type=\"widget\" data-e-type=\"widget\" data-widget_type=\"spacer.default\">\n\t\t\t\t<div class=\"elementor-widget-container\">\n\t\t\t\t\t\t\t<div class=\"elementor-spacer\">\n\t\t\t<div class=\"elementor-spacer-inner\"><\/div>\n\t\t<\/div>\n\t\t\t\t\t\t<\/div>\n\t\t\t\t<\/div>\n\t\t\t\t<div class=\"elementor-element elementor-element-b6da2b4 sc_layouts_hide_on_notebook sc_layouts_hide_on_tablet sc_layouts_hide_on_mobile sc_fly_static elementor-widget elementor-widget-spacer\" data-id=\"b6da2b4\" data-element_type=\"widget\" data-e-type=\"widget\" data-widget_type=\"spacer.default\">\n\t\t\t\t<div class=\"elementor-widget-container\">\n\t\t\t\t\t\t\t<div class=\"elementor-spacer\">\n\t\t\t<div class=\"elementor-spacer-inner\"><\/div>\n\t\t<\/div>\n\t\t\t\t\t\t<\/div>\n\t\t\t\t<\/div>\n\t\t\t\t\t<\/div>\n\t\t<\/div>\n\t\t\t\t\t<\/div>\n\t\t<\/section>\n\t\t\t\t<\/div>","protected":false},"excerpt":{"rendered":"<p>Stratejik \u0130\u00e7erik Entegrasyonu Reklam mesaj\u0131n\u0131z\u0131 izleyicinin dikkatini kaybetmeden i\u00e7erik ak\u0131\u015f\u0131na entegre ederiz. Geleneksel reklam yerle\u015fimleri, kullan\u0131c\u0131 deneyimini kesintiye u\u011fratarak izlenme kayb\u0131na neden olur. G\u00fcn\u00fcm\u00fcz dijital d\u00fcnyas\u0131nda kullan\u0131c\u0131lar reklama kar\u015f\u0131 daha&hellip;<\/p>","protected":false},"author":1,"featured_media":0,"parent":1858,"menu_order":0,"comment_status":"closed","ping_status":"closed","template":"","meta":{"footnotes":""},"class_list":["post-8513","page","type-page","status-publish","hentry"],"yoast_head":"<!-- This site is optimized with the Yoast SEO plugin v27.2 - https:\/\/yoast.com\/product\/yoast-seo-wordpress\/ -->\n<title>Stratejik \u0130\u00e7erik Entegrasyonu - Wefluence Influencer Ajans\u0131<\/title>\n<meta name=\"robots\" content=\"index, follow, max-snippet:-1, max-image-preview:large, max-video-preview:-1\" \/>\n<link rel=\"canonical\" href=\"https:\/\/we-fluence.com\/en\/hizmet-alanlarimiz\/stratejik-icerik-entegrasyonu\/\" \/>\n<meta property=\"og:locale\" content=\"en_US\" \/>\n<meta property=\"og:type\" content=\"article\" \/>\n<meta property=\"og:title\" content=\"Stratejik \u0130\u00e7erik Entegrasyonu - Wefluence Influencer Ajans\u0131\" \/>\n<meta property=\"og:description\" content=\"Stratejik \u0130\u00e7erik Entegrasyonu Reklam mesaj\u0131n\u0131z\u0131 izleyicinin dikkatini kaybetmeden i\u00e7erik ak\u0131\u015f\u0131na entegre ederiz. Geleneksel reklam yerle\u015fimleri, kullan\u0131c\u0131 deneyimini kesintiye u\u011fratarak izlenme kayb\u0131na neden olur. G\u00fcn\u00fcm\u00fcz dijital d\u00fcnyas\u0131nda kullan\u0131c\u0131lar reklama kar\u015f\u0131 daha&hellip;\" \/>\n<meta property=\"og:url\" content=\"https:\/\/we-fluence.com\/en\/hizmet-alanlarimiz\/stratejik-icerik-entegrasyonu\/\" \/>\n<meta property=\"og:site_name\" content=\"Wefluence Influencer Ajans\u0131\" \/>\n<meta property=\"article:modified_time\" content=\"2026-04-06T20:40:12+00:00\" \/>\n<meta property=\"og:image\" content=\"https:\/\/we-fluence.com\/wp-content\/uploads\/2023\/12\/Markalar-1.jpg\" \/>\n\t<meta property=\"og:image:width\" content=\"1500\" \/>\n\t<meta property=\"og:image:height\" content=\"1000\" \/>\n\t<meta property=\"og:image:type\" content=\"image\/jpeg\" \/>\n<meta name=\"twitter:card\" content=\"summary_large_image\" \/>\n<meta name=\"twitter:label1\" content=\"Est. reading time\" \/>\n\t<meta name=\"twitter:data1\" content=\"1 minute\" \/>\n<script type=\"application\/ld+json\" class=\"yoast-schema-graph\">{\"@context\":\"https:\/\/schema.org\",\"@graph\":[{\"@type\":\"WebPage\",\"@id\":\"https:\/\/we-fluence.com\/en\/hizmet-alanlarimiz\/stratejik-icerik-entegrasyonu\/\",\"url\":\"https:\/\/we-fluence.com\/en\/hizmet-alanlarimiz\/stratejik-icerik-entegrasyonu\/\",\"name\":\"Stratejik \u0130\u00e7erik Entegrasyonu - Wefluence Influencer Ajans\u0131\",\"isPartOf\":{\"@id\":\"https:\/\/we-fluence.com\/en\/#website\"},\"primaryImageOfPage\":{\"@id\":\"https:\/\/we-fluence.com\/en\/hizmet-alanlarimiz\/stratejik-icerik-entegrasyonu\/#primaryimage\"},\"image\":{\"@id\":\"https:\/\/we-fluence.com\/en\/hizmet-alanlarimiz\/stratejik-icerik-entegrasyonu\/#primaryimage\"},\"thumbnailUrl\":\"https:\/\/we-fluence.com\/wp-content\/uploads\/2023\/12\/Markalar-1.jpg\",\"datePublished\":\"2026-04-01T20:00:13+00:00\",\"dateModified\":\"2026-04-06T20:40:12+00:00\",\"breadcrumb\":{\"@id\":\"https:\/\/we-fluence.com\/en\/hizmet-alanlarimiz\/stratejik-icerik-entegrasyonu\/#breadcrumb\"},\"inLanguage\":\"en-US\",\"potentialAction\":[{\"@type\":\"ReadAction\",\"target\":[\"https:\/\/we-fluence.com\/en\/hizmet-alanlarimiz\/stratejik-icerik-entegrasyonu\/\"]}]},{\"@type\":\"ImageObject\",\"inLanguage\":\"en-US\",\"@id\":\"https:\/\/we-fluence.com\/en\/hizmet-alanlarimiz\/stratejik-icerik-entegrasyonu\/#primaryimage\",\"url\":\"https:\/\/we-fluence.com\/wp-content\/uploads\/2023\/12\/Markalar-1.jpg\",\"contentUrl\":\"https:\/\/we-fluence.com\/wp-content\/uploads\/2023\/12\/Markalar-1.jpg\"},{\"@type\":\"BreadcrumbList\",\"@id\":\"https:\/\/we-fluence.com\/en\/hizmet-alanlarimiz\/stratejik-icerik-entegrasyonu\/#breadcrumb\",\"itemListElement\":[{\"@type\":\"ListItem\",\"position\":1,\"name\":\"Anasayfa\",\"item\":\"https:\/\/we-fluence.com\/\"},{\"@type\":\"ListItem\",\"position\":2,\"name\":\"Hizmet Alanlar\u0131m\u0131z\",\"item\":\"https:\/\/we-fluence.com\/hizmet-alanlarimiz\/\"},{\"@type\":\"ListItem\",\"position\":3,\"name\":\"Stratejik \u0130\u00e7erik Entegrasyonu\"}]},{\"@type\":\"WebSite\",\"@id\":\"https:\/\/we-fluence.com\/en\/#website\",\"url\":\"https:\/\/we-fluence.com\/en\/\",\"name\":\"Wefluence Influencer Ajans\u0131\",\"description\":\"Wefluence Influencer Ajans\u0131\",\"publisher\":{\"@id\":\"https:\/\/we-fluence.com\/en\/#organization\"},\"potentialAction\":[{\"@type\":\"SearchAction\",\"target\":{\"@type\":\"EntryPoint\",\"urlTemplate\":\"https:\/\/we-fluence.com\/en\/?s={search_term_string}\"},\"query-input\":{\"@type\":\"PropertyValueSpecification\",\"valueRequired\":true,\"valueName\":\"search_term_string\"}}],\"inLanguage\":\"en-US\"},{\"@type\":\"Organization\",\"@id\":\"https:\/\/we-fluence.com\/en\/#organization\",\"name\":\"Wefluence Influencer Ajans\u0131\",\"url\":\"https:\/\/we-fluence.com\/en\/\",\"logo\":{\"@type\":\"ImageObject\",\"inLanguage\":\"en-US\",\"@id\":\"https:\/\/we-fluence.com\/en\/#\/schema\/logo\/image\/\",\"url\":\"https:\/\/we-fluence.com\/wp-content\/uploads\/2026\/03\/Wefluence-Logo.png\",\"contentUrl\":\"https:\/\/we-fluence.com\/wp-content\/uploads\/2026\/03\/Wefluence-Logo.png\",\"width\":750,\"height\":750,\"caption\":\"Wefluence Influencer Ajans\u0131\"},\"image\":{\"@id\":\"https:\/\/we-fluence.com\/en\/#\/schema\/logo\/image\/\"}}]}<\/script>\n<!-- \/ Yoast SEO plugin. -->","yoast_head_json":{"title":"Stratejik \u0130\u00e7erik Entegrasyonu - Wefluence Influencer Ajans\u0131","robots":{"index":"index","follow":"follow","max-snippet":"max-snippet:-1","max-image-preview":"max-image-preview:large","max-video-preview":"max-video-preview:-1"},"canonical":"https:\/\/we-fluence.com\/en\/hizmet-alanlarimiz\/stratejik-icerik-entegrasyonu\/","og_locale":"en_US","og_type":"article","og_title":"Stratejik \u0130\u00e7erik Entegrasyonu - Wefluence Influencer Ajans\u0131","og_description":"Stratejik \u0130\u00e7erik Entegrasyonu Reklam mesaj\u0131n\u0131z\u0131 izleyicinin dikkatini kaybetmeden i\u00e7erik ak\u0131\u015f\u0131na entegre ederiz. Geleneksel reklam yerle\u015fimleri, kullan\u0131c\u0131 deneyimini kesintiye u\u011fratarak izlenme kayb\u0131na neden olur. G\u00fcn\u00fcm\u00fcz dijital d\u00fcnyas\u0131nda kullan\u0131c\u0131lar reklama kar\u015f\u0131 daha&hellip;","og_url":"https:\/\/we-fluence.com\/en\/hizmet-alanlarimiz\/stratejik-icerik-entegrasyonu\/","og_site_name":"Wefluence Influencer Ajans\u0131","article_modified_time":"2026-04-06T20:40:12+00:00","og_image":[{"width":1500,"height":1000,"url":"https:\/\/we-fluence.com\/wp-content\/uploads\/2023\/12\/Markalar-1.jpg","type":"image\/jpeg"}],"twitter_card":"summary_large_image","twitter_misc":{"Est. reading time":"1 minute"},"schema":{"@context":"https:\/\/schema.org","@graph":[{"@type":"WebPage","@id":"https:\/\/we-fluence.com\/en\/hizmet-alanlarimiz\/stratejik-icerik-entegrasyonu\/","url":"https:\/\/we-fluence.com\/en\/hizmet-alanlarimiz\/stratejik-icerik-entegrasyonu\/","name":"Stratejik \u0130\u00e7erik Entegrasyonu - Wefluence Influencer Ajans\u0131","isPartOf":{"@id":"https:\/\/we-fluence.com\/en\/#website"},"primaryImageOfPage":{"@id":"https:\/\/we-fluence.com\/en\/hizmet-alanlarimiz\/stratejik-icerik-entegrasyonu\/#primaryimage"},"image":{"@id":"https:\/\/we-fluence.com\/en\/hizmet-alanlarimiz\/stratejik-icerik-entegrasyonu\/#primaryimage"},"thumbnailUrl":"https:\/\/we-fluence.com\/wp-content\/uploads\/2023\/12\/Markalar-1.jpg","datePublished":"2026-04-01T20:00:13+00:00","dateModified":"2026-04-06T20:40:12+00:00","breadcrumb":{"@id":"https:\/\/we-fluence.com\/en\/hizmet-alanlarimiz\/stratejik-icerik-entegrasyonu\/#breadcrumb"},"inLanguage":"en-US","potentialAction":[{"@type":"ReadAction","target":["https:\/\/we-fluence.com\/en\/hizmet-alanlarimiz\/stratejik-icerik-entegrasyonu\/"]}]},{"@type":"ImageObject","inLanguage":"en-US","@id":"https:\/\/we-fluence.com\/en\/hizmet-alanlarimiz\/stratejik-icerik-entegrasyonu\/#primaryimage","url":"https:\/\/we-fluence.com\/wp-content\/uploads\/2023\/12\/Markalar-1.jpg","contentUrl":"https:\/\/we-fluence.com\/wp-content\/uploads\/2023\/12\/Markalar-1.jpg"},{"@type":"BreadcrumbList","@id":"https:\/\/we-fluence.com\/en\/hizmet-alanlarimiz\/stratejik-icerik-entegrasyonu\/#breadcrumb","itemListElement":[{"@type":"ListItem","position":1,"name":"Anasayfa","item":"https:\/\/we-fluence.com\/"},{"@type":"ListItem","position":2,"name":"Hizmet Alanlar\u0131m\u0131z","item":"https:\/\/we-fluence.com\/hizmet-alanlarimiz\/"},{"@type":"ListItem","position":3,"name":"Stratejik \u0130\u00e7erik Entegrasyonu"}]},{"@type":"WebSite","@id":"https:\/\/we-fluence.com\/en\/#website","url":"https:\/\/we-fluence.com\/en\/","name":"Wefluence Influencer Ajans\u0131","description":"Wefluence Influencer Ajans\u0131","publisher":{"@id":"https:\/\/we-fluence.com\/en\/#organization"},"potentialAction":[{"@type":"SearchAction","target":{"@type":"EntryPoint","urlTemplate":"https:\/\/we-fluence.com\/en\/?s={search_term_string}"},"query-input":{"@type":"PropertyValueSpecification","valueRequired":true,"valueName":"search_term_string"}}],"inLanguage":"en-US"},{"@type":"Organization","@id":"https:\/\/we-fluence.com\/en\/#organization","name":"Wefluence Influencer Ajans\u0131","url":"https:\/\/we-fluence.com\/en\/","logo":{"@type":"ImageObject","inLanguage":"en-US","@id":"https:\/\/we-fluence.com\/en\/#\/schema\/logo\/image\/","url":"https:\/\/we-fluence.com\/wp-content\/uploads\/2026\/03\/Wefluence-Logo.png","contentUrl":"https:\/\/we-fluence.com\/wp-content\/uploads\/2026\/03\/Wefluence-Logo.png","width":750,"height":750,"caption":"Wefluence Influencer Ajans\u0131"},"image":{"@id":"https:\/\/we-fluence.com\/en\/#\/schema\/logo\/image\/"}}]}},"_links":{"self":[{"href":"https:\/\/we-fluence.com\/en\/wp-json\/wp\/v2\/pages\/8513","targetHints":{"allow":["GET"]}}],"collection":[{"href":"https:\/\/we-fluence.com\/en\/wp-json\/wp\/v2\/pages"}],"about":[{"href":"https:\/\/we-fluence.com\/en\/wp-json\/wp\/v2\/types\/page"}],"author":[{"embeddable":true,"href":"https:\/\/we-fluence.com\/en\/wp-json\/wp\/v2\/users\/1"}],"replies":[{"embeddable":true,"href":"https:\/\/we-fluence.com\/en\/wp-json\/wp\/v2\/comments?post=8513"}],"version-history":[{"count":16,"href":"https:\/\/we-fluence.com\/en\/wp-json\/wp\/v2\/pages\/8513\/revisions"}],"predecessor-version":[{"id":8735,"href":"https:\/\/we-fluence.com\/en\/wp-json\/wp\/v2\/pages\/8513\/revisions\/8735"}],"up":[{"embeddable":true,"href":"https:\/\/we-fluence.com\/en\/wp-json\/wp\/v2\/pages\/1858"}],"wp:attachment":[{"href":"https:\/\/we-fluence.com\/en\/wp-json\/wp\/v2\/media?parent=8513"}],"curies":[{"name":"wp","href":"https:\/\/api.w.org\/{rel}","templated":true}]}}