{"id":7825,"date":"2026-03-19T21:43:25","date_gmt":"2026-03-19T18:43:25","guid":{"rendered":"https:\/\/we-fluence.com\/?page_id=7825"},"modified":"2026-03-19T21:47:01","modified_gmt":"2026-03-19T18:47:01","slug":"gizlilik-politikasi","status":"publish","type":"page","link":"https:\/\/we-fluence.com\/en\/gizlilik-politikasi\/","title":{"rendered":"Privacy Policy"},"content":{"rendered":"<p>All information you enter to visit our website will not be shared with any third-party companies or individuals. All information you enter through our website's contact forms will not be shared with any third-party companies or individuals.<\/p>\n<p>Our website may periodically send information about campaigns, new products, and promotions to its customers and members. Members can choose whether or not to receive such information during registration, and this choice can be changed later in the account information section after logging in.<\/p>\n<p>Only you can access and change all the information you provided when you registered. If you securely protect your login information, it is impossible for others to access or change your information.<\/p>\n<p>The buyer is solely responsible for any and all irregularities, disputes, and resulting financial losses and penalties related to credit card transactions, whether belonging to themselves or third parties, on the we-fluence.com website.<\/p>","protected":false},"excerpt":{"rendered":"<p>Sitemize ziyaret i\u00e7in girmi\u015f oldu\u011funuz t\u00fcm bilgiler, \u00a03. parti firma veya ki\u015filerle payla\u015f\u0131lmayacakt\u0131r. Sitemiz ileti\u015fim formlar\u0131ndan girmi\u015f oldu\u011funuz t\u00fcm bilgiler\u00a0 3. parti firma veya ki\u015filerle payla\u015f\u0131lmayacakt\u0131r. Sitemiz baz\u0131 d\u00f6nemlerde m\u00fc\u015fterilerine&hellip;<\/p>","protected":false},"author":1,"featured_media":0,"parent":0,"menu_order":0,"comment_status":"closed","ping_status":"closed","template":"","meta":{"footnotes":""},"class_list":["post-7825","page","type-page","status-publish","hentry"],"yoast_head":"<!-- This site is optimized with the Yoast SEO plugin v27.2 - https:\/\/yoast.com\/product\/yoast-seo-wordpress\/ -->\n<title>Gizlilik Politikas\u0131 - Wefluence Influencer Ajans\u0131<\/title>\n<meta name=\"robots\" content=\"index, follow, max-snippet:-1, max-image-preview:large, max-video-preview:-1\" \/>\n<link rel=\"canonical\" href=\"https:\/\/we-fluence.com\/en\/gizlilik-politikasi\/\" \/>\n<meta property=\"og:locale\" content=\"en_US\" \/>\n<meta property=\"og:type\" content=\"article\" \/>\n<meta property=\"og:title\" content=\"Gizlilik Politikas\u0131 - Wefluence Influencer Ajans\u0131\" \/>\n<meta property=\"og:description\" content=\"Sitemize ziyaret i\u00e7in girmi\u015f oldu\u011funuz t\u00fcm bilgiler, \u00a03. parti firma veya ki\u015filerle payla\u015f\u0131lmayacakt\u0131r. Sitemiz ileti\u015fim formlar\u0131ndan girmi\u015f oldu\u011funuz t\u00fcm bilgiler\u00a0 3. parti firma veya ki\u015filerle payla\u015f\u0131lmayacakt\u0131r. Sitemiz baz\u0131 d\u00f6nemlerde m\u00fc\u015fterilerine&hellip;\" \/>\n<meta property=\"og:url\" content=\"https:\/\/we-fluence.com\/en\/gizlilik-politikasi\/\" \/>\n<meta property=\"og:site_name\" content=\"Wefluence Influencer Ajans\u0131\" \/>\n<meta property=\"article:modified_time\" content=\"2026-03-19T18:47:01+00:00\" \/>\n<meta name=\"twitter:card\" content=\"summary_large_image\" \/>\n<meta name=\"twitter:label1\" content=\"Est. reading time\" \/>\n\t<meta name=\"twitter:data1\" content=\"1 minute\" \/>\n<script type=\"application\/ld+json\" class=\"yoast-schema-graph\">{\"@context\":\"https:\/\/schema.org\",\"@graph\":[{\"@type\":\"WebPage\",\"@id\":\"https:\/\/we-fluence.com\/en\/gizlilik-politikasi\/\",\"url\":\"https:\/\/we-fluence.com\/en\/gizlilik-politikasi\/\",\"name\":\"Gizlilik Politikas\u0131 - Wefluence Influencer Ajans\u0131\",\"isPartOf\":{\"@id\":\"https:\/\/we-fluence.com\/en\/#website\"},\"datePublished\":\"2026-03-19T18:43:25+00:00\",\"dateModified\":\"2026-03-19T18:47:01+00:00\",\"breadcrumb\":{\"@id\":\"https:\/\/we-fluence.com\/en\/gizlilik-politikasi\/#breadcrumb\"},\"inLanguage\":\"en-US\",\"potentialAction\":[{\"@type\":\"ReadAction\",\"target\":[\"https:\/\/we-fluence.com\/en\/gizlilik-politikasi\/\"]}]},{\"@type\":\"BreadcrumbList\",\"@id\":\"https:\/\/we-fluence.com\/en\/gizlilik-politikasi\/#breadcrumb\",\"itemListElement\":[{\"@type\":\"ListItem\",\"position\":1,\"name\":\"Anasayfa\",\"item\":\"https:\/\/we-fluence.com\/\"},{\"@type\":\"ListItem\",\"position\":2,\"name\":\"Gizlilik Politikas\u0131\"}]},{\"@type\":\"WebSite\",\"@id\":\"https:\/\/we-fluence.com\/en\/#website\",\"url\":\"https:\/\/we-fluence.com\/en\/\",\"name\":\"Wefluence Influencer Ajans\u0131\",\"description\":\"Wefluence Influencer Ajans\u0131\",\"publisher\":{\"@id\":\"https:\/\/we-fluence.com\/en\/#organization\"},\"potentialAction\":[{\"@type\":\"SearchAction\",\"target\":{\"@type\":\"EntryPoint\",\"urlTemplate\":\"https:\/\/we-fluence.com\/en\/?s={search_term_string}\"},\"query-input\":{\"@type\":\"PropertyValueSpecification\",\"valueRequired\":true,\"valueName\":\"search_term_string\"}}],\"inLanguage\":\"en-US\"},{\"@type\":\"Organization\",\"@id\":\"https:\/\/we-fluence.com\/en\/#organization\",\"name\":\"Wefluence Influencer Ajans\u0131\",\"url\":\"https:\/\/we-fluence.com\/en\/\",\"logo\":{\"@type\":\"ImageObject\",\"inLanguage\":\"en-US\",\"@id\":\"https:\/\/we-fluence.com\/en\/#\/schema\/logo\/image\/\",\"url\":\"https:\/\/we-fluence.com\/wp-content\/uploads\/2026\/03\/Wefluence-Logo.png\",\"contentUrl\":\"https:\/\/we-fluence.com\/wp-content\/uploads\/2026\/03\/Wefluence-Logo.png\",\"width\":750,\"height\":750,\"caption\":\"Wefluence Influencer Ajans\u0131\"},\"image\":{\"@id\":\"https:\/\/we-fluence.com\/en\/#\/schema\/logo\/image\/\"}}]}<\/script>\n<!-- \/ Yoast SEO plugin. -->","yoast_head_json":{"title":"Gizlilik Politikas\u0131 - Wefluence Influencer Ajans\u0131","robots":{"index":"index","follow":"follow","max-snippet":"max-snippet:-1","max-image-preview":"max-image-preview:large","max-video-preview":"max-video-preview:-1"},"canonical":"https:\/\/we-fluence.com\/en\/gizlilik-politikasi\/","og_locale":"en_US","og_type":"article","og_title":"Gizlilik Politikas\u0131 - Wefluence Influencer Ajans\u0131","og_description":"Sitemize ziyaret i\u00e7in girmi\u015f oldu\u011funuz t\u00fcm bilgiler, \u00a03. parti firma veya ki\u015filerle payla\u015f\u0131lmayacakt\u0131r. Sitemiz ileti\u015fim formlar\u0131ndan girmi\u015f oldu\u011funuz t\u00fcm bilgiler\u00a0 3. parti firma veya ki\u015filerle payla\u015f\u0131lmayacakt\u0131r. Sitemiz baz\u0131 d\u00f6nemlerde m\u00fc\u015fterilerine&hellip;","og_url":"https:\/\/we-fluence.com\/en\/gizlilik-politikasi\/","og_site_name":"Wefluence Influencer Ajans\u0131","article_modified_time":"2026-03-19T18:47:01+00:00","twitter_card":"summary_large_image","twitter_misc":{"Est. reading time":"1 minute"},"schema":{"@context":"https:\/\/schema.org","@graph":[{"@type":"WebPage","@id":"https:\/\/we-fluence.com\/en\/gizlilik-politikasi\/","url":"https:\/\/we-fluence.com\/en\/gizlilik-politikasi\/","name":"Gizlilik Politikas\u0131 - Wefluence Influencer Ajans\u0131","isPartOf":{"@id":"https:\/\/we-fluence.com\/en\/#website"},"datePublished":"2026-03-19T18:43:25+00:00","dateModified":"2026-03-19T18:47:01+00:00","breadcrumb":{"@id":"https:\/\/we-fluence.com\/en\/gizlilik-politikasi\/#breadcrumb"},"inLanguage":"en-US","potentialAction":[{"@type":"ReadAction","target":["https:\/\/we-fluence.com\/en\/gizlilik-politikasi\/"]}]},{"@type":"BreadcrumbList","@id":"https:\/\/we-fluence.com\/en\/gizlilik-politikasi\/#breadcrumb","itemListElement":[{"@type":"ListItem","position":1,"name":"Anasayfa","item":"https:\/\/we-fluence.com\/"},{"@type":"ListItem","position":2,"name":"Gizlilik Politikas\u0131"}]},{"@type":"WebSite","@id":"https:\/\/we-fluence.com\/en\/#website","url":"https:\/\/we-fluence.com\/en\/","name":"Wefluence Influencer Ajans\u0131","description":"Wefluence Influencer Ajans\u0131","publisher":{"@id":"https:\/\/we-fluence.com\/en\/#organization"},"potentialAction":[{"@type":"SearchAction","target":{"@type":"EntryPoint","urlTemplate":"https:\/\/we-fluence.com\/en\/?s={search_term_string}"},"query-input":{"@type":"PropertyValueSpecification","valueRequired":true,"valueName":"search_term_string"}}],"inLanguage":"en-US"},{"@type":"Organization","@id":"https:\/\/we-fluence.com\/en\/#organization","name":"Wefluence Influencer Ajans\u0131","url":"https:\/\/we-fluence.com\/en\/","logo":{"@type":"ImageObject","inLanguage":"en-US","@id":"https:\/\/we-fluence.com\/en\/#\/schema\/logo\/image\/","url":"https:\/\/we-fluence.com\/wp-content\/uploads\/2026\/03\/Wefluence-Logo.png","contentUrl":"https:\/\/we-fluence.com\/wp-content\/uploads\/2026\/03\/Wefluence-Logo.png","width":750,"height":750,"caption":"Wefluence Influencer Ajans\u0131"},"image":{"@id":"https:\/\/we-fluence.com\/en\/#\/schema\/logo\/image\/"}}]}},"_links":{"self":[{"href":"https:\/\/we-fluence.com\/en\/wp-json\/wp\/v2\/pages\/7825","targetHints":{"allow":["GET"]}}],"collection":[{"href":"https:\/\/we-fluence.com\/en\/wp-json\/wp\/v2\/pages"}],"about":[{"href":"https:\/\/we-fluence.com\/en\/wp-json\/wp\/v2\/types\/page"}],"author":[{"embeddable":true,"href":"https:\/\/we-fluence.com\/en\/wp-json\/wp\/v2\/users\/1"}],"replies":[{"embeddable":true,"href":"https:\/\/we-fluence.com\/en\/wp-json\/wp\/v2\/comments?post=7825"}],"version-history":[{"count":4,"href":"https:\/\/we-fluence.com\/en\/wp-json\/wp\/v2\/pages\/7825\/revisions"}],"predecessor-version":[{"id":7838,"href":"https:\/\/we-fluence.com\/en\/wp-json\/wp\/v2\/pages\/7825\/revisions\/7838"}],"wp:attachment":[{"href":"https:\/\/we-fluence.com\/en\/wp-json\/wp\/v2\/media?parent=7825"}],"curies":[{"name":"wp","href":"https:\/\/api.w.org\/{rel}","templated":true}]}}